{"id":70017,"date":"2026-02-25T18:29:19","date_gmt":"2026-02-25T21:29:19","guid":{"rendered":"https:\/\/ibee.net.br\/?page_id=70017"},"modified":"2026-02-25T18:35:59","modified_gmt":"2026-02-25T21:35:59","slug":"inscricao-para-cursos-de-qualificacao-profissional-rapida-2026","status":"publish","type":"page","link":"https:\/\/ibee.net.br\/","title":{"rendered":"Inscri\u00e7\u00e3o para cursos de qualifica\u00e7\u00e3o profissional r\u00e1pida 2026"},"content":{"rendered":"\n<p><strong>Formul\u00e1rio de inscri\u00e7\u00f5es para os cursos gratuitos de qualifica\u00e7\u00e3o profissional&nbsp;<\/strong>realizados pelo Instituto do Emprego e Empreendedorismo &#8211; iBEE em parceria com o Governo do Estado de S\u00e3o Paulo atrav\u00e9s da Etec Jos\u00e9 Martiminiano.&nbsp;<\/p>\n\n\n\n<p><strong>Inscreva-se para os seguintes cursos gratuitos:<\/strong><\/p>\n\n\n\n<p>T\u00e9cnicas em Vendas<br>Recep\u00e7a\u00f5 e Atendimento<br>Markentig Digital<br>Inform\u00e1tica B\u00e1sica<br>Assistente Cont\u00e1bil, cr\u00e9dito e cobran\u00e7a<br>Assistente Administrativo<br>Assistente de Recursos Humanos<br>Espanhol para Recep\u00e7\u00e3o<br>Gest\u00e3o de Pequenos Neg\u00f3cios<br>Balconista de Farm\u00e1cia<\/p>\n\n\n\n<p>Cursos gratuitos exclusivos para moradores de Ribeir\u00e3o Preto e com 18 anos ou mais, oferecem encaminhamento para vagas de emprego.<\/p>\n\n\n\n<p>Fa\u00e7a sua inscri\u00e7\u00e3o aqui:\u00a0<a href=\"https:\/\/forms.gle\/gut9QqwHZMprQ5Tx8\">https:\/\/forms.gle\/gut9QqwHZMprQ5Tx8<\/a><\/p>\n\n\n\n<p>Todos os cursos possuem 60 horas de dura\u00e7\u00e3o, s\u00e3o gratuitos, incluem certificado de conclus\u00e3o e oferecem encaminhamento para vagas de emprego na \u00e1rea. Vagas limitadas e preenchidas por ordem de inscri\u00e7\u00e3o.<\/p>\n","protected":false},"excerpt":{"rendered":"<p>Formul\u00e1rio de inscri\u00e7\u00f5es para os cursos gratuitos de qualifica\u00e7\u00e3o profissional&nbsp;realizados pelo Instituto do Emprego e Empreendedorismo &#8211; iBEE em parceria com o Governo do Estado de S\u00e3o Paulo atrav\u00e9s da Etec Jos\u00e9 Martiminiano.&nbsp; Inscreva-se para os seguintes cursos gratuitos: T\u00e9cnicas em VendasRecep\u00e7a\u00f5 e AtendimentoMarkentig DigitalInform\u00e1tica B\u00e1sicaAssistente Cont\u00e1bil, cr\u00e9dito e cobran\u00e7aAssistente AdministrativoAssistente de Recursos HumanosEspanhol para&#8230;<\/p>\n","protected":false},"author":1,"featured_media":0,"parent":0,"menu_order":0,"comment_status":"closed","ping_status":"closed","template":"","meta":{"advanced_seo_description":"","jetpack_seo_html_title":"","jetpack_seo_noindex":false,"_kad_post_transparent":"","_kad_post_title":"","_kad_post_layout":"","_kad_post_sidebar_id":"","_kad_post_content_style":"","_kad_post_vertical_padding":"","_kad_post_feature":"","_kad_post_feature_position":"","_kad_post_header":false,"_kad_post_footer":false,"_kad_post_classname":"","jetpack_post_was_ever_published":false,"footnotes":""},"class_list":["post-70017","page","type-page","status-publish","hentry"],"jetpack-related-posts":[{"id":2359,"url":"https:\/\/ibee.net.br\/index.php\/quem-somos\/","url_meta":{"origin":70017,"position":0},"title":"Quem somos","author":"ibee.net.br","date":"15 de novembro de 2023","format":false,"excerpt":"O iBEE - Instituto Brasileiro do Emprego e do Empreendedorismo \u00e9 uma organiza\u00e7\u00e3o sem fins lucrativos, comprometida com a transforma\u00e7\u00e3o social e o desenvolvimento humano por meio da promo\u00e7\u00e3o do trabalho, emprego e empreendedorismo. Com sede em Ribeir\u00e3o Preto-SP, o iBEE nasceu da necessidade de impulsionar a gera\u00e7\u00e3o de renda\u2026","rel":"","context":"Post similar","block_context":{"text":"Post similar","link":""},"img":{"alt_text":"","src":"","width":0,"height":0},"classes":[]},{"id":9130,"url":"https:\/\/ibee.net.br\/index.php\/grupos-de-empregos-whatsapp\/","url_meta":{"origin":70017,"position":1},"title":"Grupos de Empregos &#8211; Whatsapp","author":"ibee.net.br","date":"1 de dezembro de 2023","format":false,"excerpt":"Desvendando o Universo: Como Funciona um Grupo de WhatsApp de Vagas de Empregos Introdu\u00e7\u00e3o Em meio \u00e0 revolu\u00e7\u00e3o digital, os grupos de WhatsApp tornaram-se n\u00e3o apenas ferramentas de comunica\u00e7\u00e3o, mas tamb\u00e9m comunidades vibrantes que compartilham interesses comuns. Um exemplo not\u00e1vel \u00e9 o grupo de WhatsApp dedicado a vagas de empregos,\u2026","rel":"","context":"Post similar","block_context":{"text":"Post similar","link":""},"img":{"alt_text":"","src":"https:\/\/i0.wp.com\/ibee.net.br\/wp-content\/uploads\/2023\/11\/GRUPO-DO-ZAP-grupo-whatsapp-empregos.png?resize=350%2C200&ssl=1","width":350,"height":200,"srcset":"https:\/\/i0.wp.com\/ibee.net.br\/wp-content\/uploads\/2023\/11\/GRUPO-DO-ZAP-grupo-whatsapp-empregos.png?resize=350%2C200&ssl=1 1x, https:\/\/i0.wp.com\/ibee.net.br\/wp-content\/uploads\/2023\/11\/GRUPO-DO-ZAP-grupo-whatsapp-empregos.png?resize=525%2C300&ssl=1 1.5x"},"classes":[]},{"id":69074,"url":"https:\/\/ibee.net.br\/index.php\/job-openings\/","url_meta":{"origin":70017,"position":2},"title":"Vagas de Emprego","author":"ibee.net.br","date":"31 de outubro de 2024","format":false,"excerpt":"","rel":"","context":"Post similar","block_context":{"text":"Post similar","link":""},"img":{"alt_text":"","src":"","width":0,"height":0},"classes":[]},{"id":2,"url":"https:\/\/ibee.net.br\/index.php\/pagina-exemplo\/","url_meta":{"origin":70017,"position":3},"title":"Contato","author":"ibee.net.br","date":"7 de novembro de 2023","format":false,"excerpt":"iBEE Instituto Brasileiro do Emprego e do Empreendedorismo \ud83d\udccd Endere\u00e7o: Rua Am\u00e9rico Brasiliense, 405, 7\u00ba andar, sala 705B - Ribeir\u00e3o Preto, SP\u2709\ufe0f E-mail: missaoemprego@ibee.net.br","rel":"","context":"Post similar","block_context":{"text":"Post similar","link":""},"img":{"alt_text":"","src":"","width":0,"height":0},"classes":[]},{"id":3,"url":"https:\/\/ibee.net.br\/index.php\/politica-de-privacidade\/","url_meta":{"origin":70017,"position":4},"title":"Pol\u00edtica de privacidade","author":"ibee.net.br","date":"7 de novembro de 2023","format":false,"excerpt":"Pol\u00edtica PrivacidadeA sua privacidade \u00e9 importante para n\u00f3s. \u00c9 pol\u00edtica do Vida Real respeitar a sua privacidade em rela\u00e7\u00e3o a qualquer informa\u00e7\u00e3o sua que possamos coletar no site Vida Real, e outros sites que possu\u00edmos e operamos.Solicitamos informa\u00e7\u00f5es pessoais apenas quando realmente precisamos delas para lhe fornecer um servi\u00e7o. Fazemo-lo\u2026","rel":"","context":"Post similar","block_context":{"text":"Post similar","link":""},"img":{"alt_text":"","src":"","width":0,"height":0},"classes":[]}],"jetpack_sharing_enabled":true,"jetpack_shortlink":"https:\/\/wp.me\/Pg93YO-idj","_links":{"self":[{"href":"https:\/\/ibee.net.br\/index.php\/wp-json\/wp\/v2\/pages\/70017","targetHints":{"allow":["GET"]}}],"collection":[{"href":"https:\/\/ibee.net.br\/index.php\/wp-json\/wp\/v2\/pages"}],"about":[{"href":"https:\/\/ibee.net.br\/index.php\/wp-json\/wp\/v2\/types\/page"}],"author":[{"embeddable":true,"href":"https:\/\/ibee.net.br\/index.php\/wp-json\/wp\/v2\/users\/1"}],"replies":[{"embeddable":true,"href":"https:\/\/ibee.net.br\/index.php\/wp-json\/wp\/v2\/comments?post=70017"}],"version-history":[{"count":3,"href":"https:\/\/ibee.net.br\/index.php\/wp-json\/wp\/v2\/pages\/70017\/revisions"}],"predecessor-version":[{"id":70022,"href":"https:\/\/ibee.net.br\/index.php\/wp-json\/wp\/v2\/pages\/70017\/revisions\/70022"}],"wp:attachment":[{"href":"https:\/\/ibee.net.br\/index.php\/wp-json\/wp\/v2\/media?parent=70017"}],"curies":[{"name":"wp","href":"https:\/\/api.w.org\/{rel}","templated":true}]}}