{"id":2359,"date":"2023-11-15T13:01:22","date_gmt":"2023-11-15T16:01:22","guid":{"rendered":"https:\/\/ibee.net.br\/?page_id=2359"},"modified":"2024-10-31T17:26:34","modified_gmt":"2024-10-31T20:26:34","slug":"quem-somos","status":"publish","type":"page","link":"https:\/\/ibee.net.br\/index.php\/quem-somos\/","title":{"rendered":"Quem somos"},"content":{"rendered":"\n<p>O iBEE &#8211; Instituto Brasileiro do Emprego e do Empreendedorismo  \u00e9 uma organiza\u00e7\u00e3o sem fins lucrativos, comprometida com a transforma\u00e7\u00e3o social e o desenvolvimento humano por meio da promo\u00e7\u00e3o do trabalho, emprego e empreendedorismo. Com sede em Ribeir\u00e3o Preto-SP, o iBEE nasceu da necessidade de impulsionar a gera\u00e7\u00e3o de renda e fomentar oportunidades de crescimento profissional e pessoal para milhares de brasileiros, oferecendo todos os seus servi\u00e7os de forma totalmente gratuita.<\/p>\n\n\n\n<p>Desde sua funda\u00e7\u00e3o, o iBEE tem sido um pilar de apoio para trabalhadores e empreendedores, organizando mutir\u00f5es e iniciativas focadas na inclus\u00e3o no mercado de trabalho. Em 2023, o Instituto realizou sete Mutir\u00f5es do Emprego, onde foram divulgadas mais de 4.500 vagas de emprego e est\u00e1gio, atendendo 5 mil trabalhadores e ajudando a confeccionar mais de 500 curr\u00edculos. Essas a\u00e7\u00f5es gratuitas reafirmam nosso compromisso com o desenvolvimento sustent\u00e1vel e com a melhoria da qualidade de vida dos cidad\u00e3os.<\/p>\n\n\n\n<p>No iBEE , acreditamos que a base de uma sociedade pr\u00f3spera est\u00e1 no trabalho digno e no empreendedorismo acess\u00edvel. Por isso, buscamos constantemente parcerias e a\u00e7\u00f5es que ampliem o acesso a oportunidades e ofere\u00e7am apoio t\u00e9cnico e humano a quem mais precisa, sempre com um foco social.<\/p>\n\n\n\n<p>Agradecemos a confian\u00e7a e o apoio de todos os que caminham conosco nessa jornada de transforma\u00e7\u00e3o.<\/p>\n\n\n\n<p><strong>Nosso Endere\u00e7o:<\/strong> Rua Am\u00e9rico Brasiliense, 405, 7\u00ba andar, sala 705 &#8211; Ribeir\u00e3o Preto, SP<\/p>\n","protected":false},"excerpt":{"rendered":"<p>O iBEE &#8211; Instituto Brasileiro do Emprego e do Empreendedorismo \u00e9 uma organiza\u00e7\u00e3o sem fins lucrativos, comprometida com a transforma\u00e7\u00e3o social e o desenvolvimento humano por meio da promo\u00e7\u00e3o do trabalho, emprego e empreendedorismo. Com sede em Ribeir\u00e3o Preto-SP, o iBEE nasceu da necessidade de impulsionar a gera\u00e7\u00e3o de renda e fomentar oportunidades de crescimento&#8230;<\/p>\n","protected":false},"author":1,"featured_media":0,"parent":0,"menu_order":0,"comment_status":"closed","ping_status":"closed","template":"","meta":{"advanced_seo_description":"","jetpack_seo_html_title":"","jetpack_seo_noindex":false,"_kad_post_transparent":"","_kad_post_title":"","_kad_post_layout":"","_kad_post_sidebar_id":"","_kad_post_content_style":"","_kad_post_vertical_padding":"","_kad_post_feature":"","_kad_post_feature_position":"","_kad_post_header":false,"_kad_post_footer":false,"_kad_post_classname":"","jetpack_post_was_ever_published":false,"footnotes":""},"class_list":["post-2359","page","type-page","status-publish","hentry"],"jetpack-related-posts":[{"id":2,"url":"https:\/\/ibee.net.br\/index.php\/pagina-exemplo\/","url_meta":{"origin":2359,"position":0},"title":"Contato","author":"ibee.net.br","date":"7 de novembro de 2023","format":false,"excerpt":"iBEE Instituto Brasileiro do Emprego e do Empreendedorismo \ud83d\udccd Endere\u00e7o: Rua Am\u00e9rico Brasiliense, 405, 7\u00ba andar, sala 705B - Ribeir\u00e3o Preto, SP\u2709\ufe0f E-mail: missaoemprego@ibee.net.br","rel":"","context":"Post similar","block_context":{"text":"Post similar","link":""},"img":{"alt_text":"","src":"","width":0,"height":0},"classes":[]},{"id":70017,"url":"https:\/\/ibee.net.br\/","url_meta":{"origin":2359,"position":1},"title":"Inscri\u00e7\u00e3o para cursos de qualifica\u00e7\u00e3o profissional r\u00e1pida 2026","author":"ibee.net.br","date":"25 de fevereiro de 2026","format":false,"excerpt":"Formul\u00e1rio de inscri\u00e7\u00f5es para os cursos gratuitos de qualifica\u00e7\u00e3o profissional\u00a0realizados pelo Instituto do Emprego e Empreendedorismo - iBEE em parceria com o Governo do Estado de S\u00e3o Paulo atrav\u00e9s da Etec Jos\u00e9 Martiminiano.\u00a0 Inscreva-se para os seguintes cursos gratuitos: T\u00e9cnicas em VendasRecep\u00e7a\u00f5 e AtendimentoMarkentig DigitalInform\u00e1tica B\u00e1sicaAssistente Cont\u00e1bil, cr\u00e9dito e cobran\u00e7aAssistente\u2026","rel":"","context":"Post similar","block_context":{"text":"Post similar","link":""},"img":{"alt_text":"","src":"","width":0,"height":0},"classes":[]},{"id":9130,"url":"https:\/\/ibee.net.br\/index.php\/grupos-de-empregos-whatsapp\/","url_meta":{"origin":2359,"position":2},"title":"Grupos de Empregos &#8211; Whatsapp","author":"ibee.net.br","date":"1 de dezembro de 2023","format":false,"excerpt":"Desvendando o Universo: Como Funciona um Grupo de WhatsApp de Vagas de Empregos Introdu\u00e7\u00e3o Em meio \u00e0 revolu\u00e7\u00e3o digital, os grupos de WhatsApp tornaram-se n\u00e3o apenas ferramentas de comunica\u00e7\u00e3o, mas tamb\u00e9m comunidades vibrantes que compartilham interesses comuns. Um exemplo not\u00e1vel \u00e9 o grupo de WhatsApp dedicado a vagas de empregos,\u2026","rel":"","context":"Post similar","block_context":{"text":"Post similar","link":""},"img":{"alt_text":"","src":"https:\/\/i0.wp.com\/ibee.net.br\/wp-content\/uploads\/2023\/11\/GRUPO-DO-ZAP-grupo-whatsapp-empregos.png?resize=350%2C200&ssl=1","width":350,"height":200,"srcset":"https:\/\/i0.wp.com\/ibee.net.br\/wp-content\/uploads\/2023\/11\/GRUPO-DO-ZAP-grupo-whatsapp-empregos.png?resize=350%2C200&ssl=1 1x, https:\/\/i0.wp.com\/ibee.net.br\/wp-content\/uploads\/2023\/11\/GRUPO-DO-ZAP-grupo-whatsapp-empregos.png?resize=525%2C300&ssl=1 1.5x"},"classes":[]},{"id":69074,"url":"https:\/\/ibee.net.br\/index.php\/job-openings\/","url_meta":{"origin":2359,"position":3},"title":"Vagas de Emprego","author":"ibee.net.br","date":"31 de outubro de 2024","format":false,"excerpt":"","rel":"","context":"Post similar","block_context":{"text":"Post similar","link":""},"img":{"alt_text":"","src":"","width":0,"height":0},"classes":[]},{"id":3,"url":"https:\/\/ibee.net.br\/index.php\/politica-de-privacidade\/","url_meta":{"origin":2359,"position":4},"title":"Pol\u00edtica de privacidade","author":"ibee.net.br","date":"7 de novembro de 2023","format":false,"excerpt":"Pol\u00edtica PrivacidadeA sua privacidade \u00e9 importante para n\u00f3s. \u00c9 pol\u00edtica do Vida Real respeitar a sua privacidade em rela\u00e7\u00e3o a qualquer informa\u00e7\u00e3o sua que possamos coletar no site Vida Real, e outros sites que possu\u00edmos e operamos.Solicitamos informa\u00e7\u00f5es pessoais apenas quando realmente precisamos delas para lhe fornecer um servi\u00e7o. Fazemo-lo\u2026","rel":"","context":"Post similar","block_context":{"text":"Post similar","link":""},"img":{"alt_text":"","src":"","width":0,"height":0},"classes":[]}],"jetpack_sharing_enabled":true,"jetpack_shortlink":"https:\/\/wp.me\/Pg93YO-C3","_links":{"self":[{"href":"https:\/\/ibee.net.br\/index.php\/wp-json\/wp\/v2\/pages\/2359","targetHints":{"allow":["GET"]}}],"collection":[{"href":"https:\/\/ibee.net.br\/index.php\/wp-json\/wp\/v2\/pages"}],"about":[{"href":"https:\/\/ibee.net.br\/index.php\/wp-json\/wp\/v2\/types\/page"}],"author":[{"embeddable":true,"href":"https:\/\/ibee.net.br\/index.php\/wp-json\/wp\/v2\/users\/1"}],"replies":[{"embeddable":true,"href":"https:\/\/ibee.net.br\/index.php\/wp-json\/wp\/v2\/comments?post=2359"}],"version-history":[{"count":5,"href":"https:\/\/ibee.net.br\/index.php\/wp-json\/wp\/v2\/pages\/2359\/revisions"}],"predecessor-version":[{"id":69206,"href":"https:\/\/ibee.net.br\/index.php\/wp-json\/wp\/v2\/pages\/2359\/revisions\/69206"}],"wp:attachment":[{"href":"https:\/\/ibee.net.br\/index.php\/wp-json\/wp\/v2\/media?parent=2359"}],"curies":[{"name":"wp","href":"https:\/\/api.w.org\/{rel}","templated":true}]}}